{"id":94,"date":"2025-09-22T01:02:27","date_gmt":"2025-09-22T01:02:27","guid":{"rendered":"https:\/\/dhs.id.vn\/?page_id=94"},"modified":"2026-03-27T04:13:54","modified_gmt":"2026-03-27T04:13:54","slug":"cvpage","status":"publish","type":"page","link":"https:\/\/dhs.id.vn\/","title":{"rendered":"CVPage"},"content":{"rendered":"\t\t<div data-elementor-type=\"wp-page\" data-elementor-id=\"94\" class=\"elementor elementor-94\">\n\t\t\t\t<div class=\"elementor-element elementor-element-8dac698 e-flex e-con-boxed e-con e-parent\" data-id=\"8dac698\" data-element_type=\"container\" data-e-type=\"container\" data-settings=\"{&quot;background_background&quot;:&quot;classic&quot;}\">\n\t\t\t\t\t<div class=\"e-con-inner\">\n\t\t<div class=\"elementor-element elementor-element-6139b52 e-con-full e-flex e-con e-child\" data-id=\"6139b52\" data-element_type=\"container\" data-e-type=\"container\">\n\t\t\t\t<div class=\"elementor-element elementor-element-c0a27e1 elementor-widget elementor-widget-image\" data-id=\"c0a27e1\" data-element_type=\"widget\" data-e-type=\"widget\" data-widget_type=\"image.default\">\n\t\t\t\t\t\t\t\t\t\t\t\t\t\t\t<img fetchpriority=\"high\" decoding=\"async\" width=\"275\" height=\"300\" src=\"https:\/\/dhs.id.vn\/wp-content\/uploads\/2025\/09\/Avatar-e1758505783383-275x300.jpg\" class=\"elementor-animation-grow attachment-medium size-medium wp-image-97\" alt=\"\" srcset=\"https:\/\/dhs.id.vn\/wp-content\/uploads\/2025\/09\/Avatar-e1758505783383-275x300.jpg 275w, https:\/\/dhs.id.vn\/wp-content\/uploads\/2025\/09\/Avatar-e1758505783383-937x1024.jpg 937w, https:\/\/dhs.id.vn\/wp-content\/uploads\/2025\/09\/Avatar-e1758505783383-768x839.jpg 768w, https:\/\/dhs.id.vn\/wp-content\/uploads\/2025\/09\/Avatar-e1758505783383.jpg 1327w\" sizes=\"(max-width: 275px) 100vw, 275px\" \/>\t\t\t\t\t\t\t\t\t\t\t\t\t\t\t<\/div>\n\t\t\t\t<\/div>\n\t\t<div class=\"elementor-element elementor-element-0ae085c e-con-full e-flex e-con e-child\" data-id=\"0ae085c\" data-element_type=\"container\" data-e-type=\"container\">\n\t\t<div class=\"elementor-element elementor-element-70eb5c3 e-con-full e-flex e-con e-child\" data-id=\"70eb5c3\" data-element_type=\"container\" data-e-type=\"container\">\n\t\t\t\t<div class=\"elementor-element elementor-element-2867a39 elementor-widget elementor-widget-heading\" data-id=\"2867a39\" data-element_type=\"widget\" data-e-type=\"widget\" data-widget_type=\"heading.default\">\n\t\t\t\t\t<h2 class=\"elementor-heading-title elementor-size-default\">\u0110\u1eb6NG H\u1ea2I S\u01a0N<\/h2>\t\t\t\t<\/div>\n\t\t\t\t<\/div>\n\t\t<div class=\"elementor-element elementor-element-a32281b e-con-full e-flex e-con e-child\" data-id=\"a32281b\" data-element_type=\"container\" data-e-type=\"container\">\n\t\t\t\t<div class=\"elementor-element elementor-element-282edc2 elementor-widget elementor-widget-heading\" data-id=\"282edc2\" data-element_type=\"widget\" data-e-type=\"widget\" data-widget_type=\"heading.default\">\n\t\t\t\t\t<h4 class=\"elementor-heading-title elementor-size-default\">L\u1eadp tr\u00ecnh vi\u00ean C#\/.NET<\/h4>\t\t\t\t<\/div>\n\t\t\t\t<div class=\"elementor-element elementor-element-78943df elementor-widget elementor-widget-spacer\" data-id=\"78943df\" data-element_type=\"widget\" data-e-type=\"widget\" data-widget_type=\"spacer.default\">\n\t\t\t\t\t\t\t<div class=\"elementor-spacer\">\n\t\t\t<div class=\"elementor-spacer-inner\"><\/div>\n\t\t<\/div>\n\t\t\t\t\t\t<\/div>\n\t\t\t\t<\/div>\n\t\t<div class=\"elementor-element elementor-element-b0e2e97 e-con-full e-grid e-con e-child\" data-id=\"b0e2e97\" data-element_type=\"container\" data-e-type=\"container\">\n\t\t\t\t<div class=\"elementor-element elementor-element-023a389 elementor-widget elementor-widget-animated-headline\" data-id=\"023a389\" data-element_type=\"widget\" data-e-type=\"widget\" data-widget_type=\"animated-headline.default\">\n\t\t\t\t<div class=\"elementor-widget-container\">\n\t\t\t\t\t \t\t\t\t<\/div>\n\t\t\t\t<\/div>\n\t\t\t\t<div class=\"elementor-element elementor-element-1faab8d elementor-widget elementor-widget-animated-headline\" data-id=\"1faab8d\" data-element_type=\"widget\" data-e-type=\"widget\" data-widget_type=\"animated-headline.default\">\n\t\t\t\t<div class=\"elementor-widget-container\">\n\t\t\t\t\t \t\t\t\t<\/div>\n\t\t\t\t<\/div>\n\t\t\t\t<\/div>\n\t\t\t\t<\/div>\n\t\t\t\t\t<\/div>\n\t\t\t\t<\/div>\n\t\t<div class=\"elementor-element elementor-element-1bd0dac e-con-full e-flex e-con e-parent\" data-id=\"1bd0dac\" data-element_type=\"container\" data-e-type=\"container\" data-settings=\"{&quot;background_background&quot;:&quot;classic&quot;}\">\n\t\t<div class=\"elementor-element elementor-element-99557d6 e-con-full e-flex e-con e-child\" data-id=\"99557d6\" data-element_type=\"container\" data-e-type=\"container\" data-settings=\"{&quot;background_background&quot;:&quot;classic&quot;}\">\n\t\t\t\t<div class=\"elementor-element elementor-element-12ca49a elementor-widget elementor-widget-animated-headline\" data-id=\"12ca49a\" data-element_type=\"widget\" data-e-type=\"widget\" data-widget_type=\"animated-headline.default\">\n\t\t\t\t<div class=\"elementor-widget-container\">\n\t\t\t\t\t \t\t\t\t<\/div>\n\t\t\t\t<\/div>\n\t\t\t\t<div class=\"elementor-element elementor-element-c5a062a elementor-widget elementor-widget-heading\" data-id=\"c5a062a\" data-element_type=\"widget\" data-e-type=\"widget\" data-widget_type=\"heading.default\">\n\t\t\t\t\t<h2 class=\"elementor-heading-title elementor-size-default\"><a href=\"https:\/\/dhs.id.vn\/tinhoc\">\u0111\u00e2y l\u00e0 \u0111\u01b0\u1eddng d\u1eabn \u0111\u1ebfn m\u1ed9t v\u1ecb tr\u00ed trong trang web<\/a><\/h2>\t\t\t\t<\/div>\n\t\t\t\t<\/div>\n\t\t<div class=\"elementor-element elementor-element-b5d9a57 e-con-full e-flex e-con e-child\" data-id=\"b5d9a57\" data-element_type=\"container\" data-e-type=\"container\" data-settings=\"{&quot;background_background&quot;:&quot;classic&quot;}\">\n\t\t\t\t<div class=\"elementor-element elementor-element-08c4d80 elementor-widget elementor-widget-animated-headline\" data-id=\"08c4d80\" data-element_type=\"widget\" data-e-type=\"widget\" data-widget_type=\"animated-headline.default\">\n\t\t\t\t<div class=\"elementor-widget-container\">\n\t\t\t\t\t \t\t\t\t<\/div>\n\t\t\t\t<\/div>\n\t\t\t\t<div class=\"elementor-element elementor-element-94b95c9 elementor-widget elementor-widget-timeline-widget-addon\" data-id=\"94b95c9\" data-element_type=\"widget\" data-e-type=\"widget\" data-widget_type=\"timeline-widget-addon.default\">\n\t\t\t\t<div class=\"elementor-widget-container\">\n\t\t\t\t\t<!-- ========= Timeline Widget Addon For Elementor 1.6.16 ========= -->\n<div id=\"twae-wrapper-94b95c9\" class=\"twae-vertical twae-wrapper  twae-vertical-right\">   \n    <div class=\"twae-start\"><\/div>    \n    <div id=\"twea-timeline-94b95c9\" class=\"twae-timeline\" ><!-- Start of Story Repeater Content --><div id=\"story-43cd465\" class=\"twae-story twae-repeater-item twae-story-right twae-story-no-icon\"><!-- Story Label --><div class=\"twae-labels\"><div class=\"twae-label-big\">02\/2024 - 04\/2024<\/div><div class=\"twae-label-small\">Th\u1ef1c t\u1eadp sinh<\/div><\/div><!-- Story Icon --><div class=\"twae-icon\"><i aria-hidden=\"true\" class=\"far fa-clock\"><\/i><\/div><!-- Story Arrow --><div class=\"twae-arrow\"><\/div><!-- Start of Story Content --><div class=\"twae-content\"><!-- Story Title --><div class=\"twae-title\">Trung t\u00e2m c\u00f4ng ngh\u1ec7 ph\u1ea7n m\u1ec1m (\u0110\u1ea1i h\u1ecdc Duy T\u00e2n)<\/div><!-- Story Description --><div class=\"twae-description\"><ul><li>T\u1ea1o v\u00e0 ph\u00e1t tri\u1ec3n \u1ee9ng d\u1ee5ng web <strong>Todolist<\/strong>\u00a0s\u1eed d\u1ee5ng <strong>Python (Django framework).<\/strong><\/li><li>Ph\u1ed1i h\u1ee3p Teamleader \u0111\u1ec3 t\u1ea1o ra trang web c\u00f3 \u0111\u1ea7y \u0111\u1ee7 t\u00ednh n\u0103ng.<\/li><li>\u0110\u01b0\u1ee3c ch\u1ec9 \u0111\u1ecbnh h\u1ed7 tr\u1ee3 b\u1ea1n c\u00f9ng nh\u00f3m th\u1ef1c hi\u1ec7n d\u1ef1 \u00e1n c\u00e1 nh\u00e2n.<\/li><\/ul><\/div><\/div><\/div><!-- Start of Story Repeater Content --><div id=\"story-1e261c0\" class=\"twae-story twae-repeater-item twae-story-right twae-story-no-icon\"><!-- Story Label --><div class=\"twae-labels\"><div class=\"twae-label-big\">March 30<\/div><div class=\"twae-label-small\">Sub Label<\/div><\/div><!-- Story Icon --><div class=\"twae-icon\"><i aria-hidden=\"true\" class=\"far fa-clock\"><\/i><\/div><!-- Story Arrow --><div class=\"twae-arrow\"><\/div><!-- Start of Story Content --><div class=\"twae-content\"><!-- Story Title --><div class=\"twae-title\">Add Title Here<\/div><!-- Story Description --><div class=\"twae-description\">Add Description Here<\/div><\/div><\/div><\/div>\n    <div class=\"twae-end\"><\/div>\n    <\/div><style type=\"text\/css\">@media (max-width: 1024px){ .twae-wrapper{--tw-ybx-size: 80px !important;}}@media (max-width: 767px){ .twae-wrapper{--tw-ybx-size: 80px !important}}<\/style>\t\t\t\t<\/div>\n\t\t\t\t<\/div>\n\t\t\t\t<\/div>\n\t\t\t\t<\/div>\n\t\t\t\t<\/div>\n\t\t","protected":false},"excerpt":{"rendered":"<p>\u0110\u1eb6NG H\u1ea2I S\u01a0N L\u1eadp tr\u00ecnh vi\u00ean C#\/.NET \u0111\u00e2y l\u00e0 \u0111\u01b0\u1eddng d\u1eabn \u0111\u1ebfn m\u1ed9t v\u1ecb tr\u00ed trong trang web 02\/2024 &#8211; 04\/2024Th\u1ef1c t\u1eadp sinhTrung t\u00e2m c\u00f4ng ngh\u1ec7 ph\u1ea7n m\u1ec1m (\u0110\u1ea1i h\u1ecdc Duy T\u00e2n) T\u1ea1o v\u00e0 ph\u00e1t tri\u1ec3n \u1ee9ng d\u1ee5ng web Todolist\u00a0s\u1eed d\u1ee5ng Python (Django framework). Ph\u1ed1i h\u1ee3p Teamleader \u0111\u1ec3 t\u1ea1o ra trang web c\u00f3 \u0111\u1ea7y \u0111\u1ee7 [&hellip;]<\/p>\n","protected":false},"author":1,"featured_media":0,"parent":0,"menu_order":0,"comment_status":"closed","ping_status":"closed","template":"elementor_canvas","meta":{"_uag_custom_page_level_css":"","footnotes":""},"class_list":["post-94","page","type-page","status-publish","hentry"],"uagb_featured_image_src":{"full":false,"thumbnail":false,"medium":false,"medium_large":false,"large":false,"1536x1536":false,"2048x2048":false},"uagb_author_info":{"display_name":"admin","author_link":"https:\/\/dhs.id.vn\/index.php\/author\/admin\/"},"uagb_comment_info":0,"uagb_excerpt":"\u0110\u1eb6NG H\u1ea2I S\u01a0N L\u1eadp tr\u00ecnh vi\u00ean C#\/.NET \u0111\u00e2y l\u00e0 \u0111\u01b0\u1eddng d\u1eabn \u0111\u1ebfn m\u1ed9t v\u1ecb tr\u00ed trong trang web 02\/2024 &#8211; 04\/2024Th\u1ef1c t\u1eadp sinhTrung t\u00e2m c\u00f4ng ngh\u1ec7 ph\u1ea7n m\u1ec1m (\u0110\u1ea1i h\u1ecdc Duy T\u00e2n) T\u1ea1o v\u00e0 ph\u00e1t tri\u1ec3n \u1ee9ng d\u1ee5ng web Todolist\u00a0s\u1eed d\u1ee5ng Python (Django framework). Ph\u1ed1i h\u1ee3p Teamleader \u0111\u1ec3 t\u1ea1o ra trang web c\u00f3 \u0111\u1ea7y \u0111\u1ee7&hellip;","_links":{"self":[{"href":"https:\/\/dhs.id.vn\/index.php\/wp-json\/wp\/v2\/pages\/94","targetHints":{"allow":["GET"]}}],"collection":[{"href":"https:\/\/dhs.id.vn\/index.php\/wp-json\/wp\/v2\/pages"}],"about":[{"href":"https:\/\/dhs.id.vn\/index.php\/wp-json\/wp\/v2\/types\/page"}],"author":[{"embeddable":true,"href":"https:\/\/dhs.id.vn\/index.php\/wp-json\/wp\/v2\/users\/1"}],"replies":[{"embeddable":true,"href":"https:\/\/dhs.id.vn\/index.php\/wp-json\/wp\/v2\/comments?post=94"}],"version-history":[{"count":52,"href":"https:\/\/dhs.id.vn\/index.php\/wp-json\/wp\/v2\/pages\/94\/revisions"}],"predecessor-version":[{"id":179,"href":"https:\/\/dhs.id.vn\/index.php\/wp-json\/wp\/v2\/pages\/94\/revisions\/179"}],"wp:attachment":[{"href":"https:\/\/dhs.id.vn\/index.php\/wp-json\/wp\/v2\/media?parent=94"}],"curies":[{"name":"wp","href":"https:\/\/api.w.org\/{rel}","templated":true}]}}